{"id":620,"date":"2026-03-23T18:03:28","date_gmt":"2026-03-23T17:03:28","guid":{"rendered":"https:\/\/foerderverein-ffw-arnsdorf.de\/?page_id=620"},"modified":"2026-03-25T12:49:59","modified_gmt":"2026-03-25T11:49:59","slug":"mullaktionstag-2026","status":"publish","type":"page","link":"https:\/\/foerderverein-ffw-arnsdorf.de\/index.php\/veranstaltungen\/mullaktionstag-2026\/","title":{"rendered":"M\u00fcllaktionstag der Gemeinde Arnsdorf"},"content":{"rendered":"\n<p>Am 21.03.2026 beteiligte sich die <a href=\"https:\/\/www.gemeindearnsdorf.de\" target=\"_blank\" rel=\"noreferrer noopener\">Gemeinde Arnsdorf<\/a> von 09:00 bis 12:00 Uhr an den <a href=\"https:\/\/naturzentrale-bautzen.de\/mitmachen-ehrenamt\/muellaktionstage\/\" data-type=\"link\" data-id=\"https:\/\/naturzentrale-bautzen.de\/mitmachen-ehrenamt\/muellaktionstage\/\">M\u00fcllaktionstagen<\/a> des Landkreises Bautzen. Ziel dieser gemeinsamen Initiative war es, Stra\u00dfen und \u00f6ffentliche Bereiche von achtlos weggeworfenem M\u00fcll zu befreien und damit aktiv zu einem sauberen und lebenswerten Ortsbild beizutragen.<\/p>\n\n\n<div class=\"wp-block-image\">\n<figure class=\"aligncenter size-large\"><img loading=\"lazy\" decoding=\"async\" width=\"1024\" height=\"655\" src=\"https:\/\/foerderverein-ffw-arnsdorf.de\/wp-content\/uploads\/2026\/03\/Logo-Bautzen-1024x655.png\" alt=\"\" class=\"wp-image-621\" srcset=\"https:\/\/foerderverein-ffw-arnsdorf.de\/wp-content\/uploads\/2026\/03\/Logo-Bautzen-1024x655.png 1024w, https:\/\/foerderverein-ffw-arnsdorf.de\/wp-content\/uploads\/2026\/03\/Logo-Bautzen-300x192.png 300w, https:\/\/foerderverein-ffw-arnsdorf.de\/wp-content\/uploads\/2026\/03\/Logo-Bautzen-768x491.png 768w, https:\/\/foerderverein-ffw-arnsdorf.de\/wp-content\/uploads\/2026\/03\/Logo-Bautzen.png 1382w\" sizes=\"auto, (max-width: 1024px) 100vw, 1024px\" \/><\/figure>\n<\/div>\n\n\n<p>Rund 30 engagierte B\u00fcrgerinnen und B\u00fcrger folgten diesem Aufruf zur gemeinsamen M\u00fcllsammelaktion. Unter den Teilnehmern befanden sich auch mehrere Mitglieder unseres F\u00f6rdervereins, einige davon mit ihren Kindern.<\/p>\n\n\n\n<p>Nach einer kurzen Einweisung vor dem Gemeindeamt wurden die Helferinnen und Helfer mit Handschuhen und M\u00fclls\u00e4cken ausgestattet und in mehrere Gruppen eingeteilt. Die Einsatzstellen verteilten sich unter anderem auf den Bahnhof, den Stockteich sowie den Elfriede-Lohse-W\u00e4chtler-Weg. \u00dcber etwa drei Stunden hinweg wurde dort flei\u00dfig gesammelt \u2014 mit teils erschreckenden Ergebnissen. Besonders auf dem Weg vom Bahnhof zum Stockteich kam so viel sperriger M\u00fcll zusammen, dass dieser am Wegesrand abgelegt und sp\u00e4ter vom Bauhof abgeholt werden musste.<\/p>\n\n\n\n<p>Zum Abschluss trafen sich alle Beteiligten an der Wache der <a href=\"https:\/\/ffw-arnsdorf.jimdofree.com\/\" target=\"_blank\" rel=\"noreferrer noopener\">Freiwilligen Feuerwehr Arnsdorf<\/a>. Dort sorgte der B\u00fcrgermeister pers\u00f6nlich am Grill f\u00fcr eine wohlverdiente St\u00e4rkung und einen gem\u00fctlichen Ausklang der Aktion.<\/p>\n\n\n\n<p>Gemeinsam f\u00fcr ein sauberes Arnsdorf! \ud83d\ude92<\/p>\n\n\n\n<figure class=\"wp-block-gallery has-nested-images columns-default is-cropped wp-block-gallery-1 is-layout-flex wp-block-gallery-is-layout-flex\">\n<figure class=\"wp-block-image size-large\"><a href=\"https:\/\/foerderverein-ffw-arnsdorf.de\/wp-content\/uploads\/2026\/03\/20260321_01.jpg\"><img loading=\"lazy\" decoding=\"async\" width=\"1024\" height=\"537\" data-id=\"625\" src=\"https:\/\/foerderverein-ffw-arnsdorf.de\/wp-content\/uploads\/2026\/03\/20260321_01-1024x537.jpg\" alt=\"\" class=\"wp-image-625\" srcset=\"https:\/\/foerderverein-ffw-arnsdorf.de\/wp-content\/uploads\/2026\/03\/20260321_01-1024x537.jpg 1024w, https:\/\/foerderverein-ffw-arnsdorf.de\/wp-content\/uploads\/2026\/03\/20260321_01-300x157.jpg 300w, https:\/\/foerderverein-ffw-arnsdorf.de\/wp-content\/uploads\/2026\/03\/20260321_01-768x403.jpg 768w, https:\/\/foerderverein-ffw-arnsdorf.de\/wp-content\/uploads\/2026\/03\/20260321_01-1536x805.jpg 1536w, https:\/\/foerderverein-ffw-arnsdorf.de\/wp-content\/uploads\/2026\/03\/20260321_01.jpg 1919w\" sizes=\"auto, (max-width: 1024px) 100vw, 1024px\" \/><\/a><\/figure>\n\n\n\n<figure class=\"wp-block-image size-large\"><a href=\"https:\/\/foerderverein-ffw-arnsdorf.de\/wp-content\/uploads\/2026\/03\/20260321_03.jpg\"><img loading=\"lazy\" decoding=\"async\" width=\"768\" height=\"1024\" data-id=\"627\" src=\"https:\/\/foerderverein-ffw-arnsdorf.de\/wp-content\/uploads\/2026\/03\/20260321_03-768x1024.jpg\" alt=\"\" class=\"wp-image-627\" srcset=\"https:\/\/foerderverein-ffw-arnsdorf.de\/wp-content\/uploads\/2026\/03\/20260321_03-768x1024.jpg 768w, https:\/\/foerderverein-ffw-arnsdorf.de\/wp-content\/uploads\/2026\/03\/20260321_03-225x300.jpg 225w, https:\/\/foerderverein-ffw-arnsdorf.de\/wp-content\/uploads\/2026\/03\/20260321_03-1152x1536.jpg 1152w, https:\/\/foerderverein-ffw-arnsdorf.de\/wp-content\/uploads\/2026\/03\/20260321_03.jpg 1440w\" sizes=\"auto, (max-width: 768px) 100vw, 768px\" \/><\/a><\/figure>\n\n\n\n<figure class=\"wp-block-image size-large\"><a href=\"https:\/\/foerderverein-ffw-arnsdorf.de\/wp-content\/uploads\/2026\/03\/20260321_04.jpeg\"><img loading=\"lazy\" decoding=\"async\" width=\"1024\" height=\"450\" data-id=\"628\" src=\"https:\/\/foerderverein-ffw-arnsdorf.de\/wp-content\/uploads\/2026\/03\/20260321_04-1024x450.jpeg\" alt=\"\" class=\"wp-image-628\" srcset=\"https:\/\/foerderverein-ffw-arnsdorf.de\/wp-content\/uploads\/2026\/03\/20260321_04-1024x450.jpeg 1024w, https:\/\/foerderverein-ffw-arnsdorf.de\/wp-content\/uploads\/2026\/03\/20260321_04-300x132.jpeg 300w, https:\/\/foerderverein-ffw-arnsdorf.de\/wp-content\/uploads\/2026\/03\/20260321_04-768x337.jpeg 768w, https:\/\/foerderverein-ffw-arnsdorf.de\/wp-content\/uploads\/2026\/03\/20260321_04.jpeg 1393w\" sizes=\"auto, (max-width: 1024px) 100vw, 1024px\" \/><\/a><\/figure>\n\n\n\n<figure class=\"wp-block-image size-large\"><a href=\"https:\/\/foerderverein-ffw-arnsdorf.de\/wp-content\/uploads\/2026\/03\/20260321_02.jpg\"><img loading=\"lazy\" decoding=\"async\" width=\"1024\" height=\"1014\" data-id=\"626\" src=\"https:\/\/foerderverein-ffw-arnsdorf.de\/wp-content\/uploads\/2026\/03\/20260321_02-1024x1014.jpg\" alt=\"\" class=\"wp-image-626\" srcset=\"https:\/\/foerderverein-ffw-arnsdorf.de\/wp-content\/uploads\/2026\/03\/20260321_02-1024x1014.jpg 1024w, https:\/\/foerderverein-ffw-arnsdorf.de\/wp-content\/uploads\/2026\/03\/20260321_02-300x297.jpg 300w, https:\/\/foerderverein-ffw-arnsdorf.de\/wp-content\/uploads\/2026\/03\/20260321_02-150x150.jpg 150w, https:\/\/foerderverein-ffw-arnsdorf.de\/wp-content\/uploads\/2026\/03\/20260321_02-768x761.jpg 768w, https:\/\/foerderverein-ffw-arnsdorf.de\/wp-content\/uploads\/2026\/03\/20260321_02-1536x1521.jpg 1536w, https:\/\/foerderverein-ffw-arnsdorf.de\/wp-content\/uploads\/2026\/03\/20260321_02.jpg 1844w\" sizes=\"auto, (max-width: 1024px) 100vw, 1024px\" \/><\/a><\/figure>\n\n\n\n<figure class=\"wp-block-image size-large\"><a href=\"https:\/\/foerderverein-ffw-arnsdorf.de\/wp-content\/uploads\/2026\/03\/20260321_05.jpg\"><img loading=\"lazy\" decoding=\"async\" width=\"768\" height=\"1024\" data-id=\"629\" src=\"https:\/\/foerderverein-ffw-arnsdorf.de\/wp-content\/uploads\/2026\/03\/20260321_05-768x1024.jpg\" alt=\"\" class=\"wp-image-629\" srcset=\"https:\/\/foerderverein-ffw-arnsdorf.de\/wp-content\/uploads\/2026\/03\/20260321_05-768x1024.jpg 768w, https:\/\/foerderverein-ffw-arnsdorf.de\/wp-content\/uploads\/2026\/03\/20260321_05-225x300.jpg 225w, https:\/\/foerderverein-ffw-arnsdorf.de\/wp-content\/uploads\/2026\/03\/20260321_05-1152x1536.jpg 1152w, https:\/\/foerderverein-ffw-arnsdorf.de\/wp-content\/uploads\/2026\/03\/20260321_05.jpg 1440w\" sizes=\"auto, (max-width: 768px) 100vw, 768px\" \/><\/a><\/figure>\n<\/figure>\n","protected":false},"excerpt":{"rendered":"<p>Am 21.03.2026 beteiligte sich die Gemeinde Arnsdorf von 09:00 bis 12:00 Uhr an den M\u00fcllaktionstagen des Landkreises Bautzen. Ziel dieser gemeinsamen Initiative war es, Stra\u00dfen und \u00f6ffentliche Bereiche von achtlos weggeworfenem M\u00fcll zu befreien und damit aktiv zu einem sauberen und lebenswerten Ortsbild beizutragen. Rund 30 engagierte B\u00fcrgerinnen und B\u00fcrger folgten diesem Aufruf zur gemeinsamen [&hellip;]<\/p>\n","protected":false},"author":4,"featured_media":622,"parent":557,"menu_order":0,"comment_status":"open","ping_status":"closed","template":"","meta":{"footnotes":""},"class_list":["post-620","page","type-page","status-publish","has-post-thumbnail","hentry","post","post-with-thumbnail","post-with-thumbnail-large"],"_links":{"self":[{"href":"https:\/\/foerderverein-ffw-arnsdorf.de\/index.php\/wp-json\/wp\/v2\/pages\/620","targetHints":{"allow":["GET"]}}],"collection":[{"href":"https:\/\/foerderverein-ffw-arnsdorf.de\/index.php\/wp-json\/wp\/v2\/pages"}],"about":[{"href":"https:\/\/foerderverein-ffw-arnsdorf.de\/index.php\/wp-json\/wp\/v2\/types\/page"}],"author":[{"embeddable":true,"href":"https:\/\/foerderverein-ffw-arnsdorf.de\/index.php\/wp-json\/wp\/v2\/users\/4"}],"replies":[{"embeddable":true,"href":"https:\/\/foerderverein-ffw-arnsdorf.de\/index.php\/wp-json\/wp\/v2\/comments?post=620"}],"version-history":[{"count":6,"href":"https:\/\/foerderverein-ffw-arnsdorf.de\/index.php\/wp-json\/wp\/v2\/pages\/620\/revisions"}],"predecessor-version":[{"id":639,"href":"https:\/\/foerderverein-ffw-arnsdorf.de\/index.php\/wp-json\/wp\/v2\/pages\/620\/revisions\/639"}],"up":[{"embeddable":true,"href":"https:\/\/foerderverein-ffw-arnsdorf.de\/index.php\/wp-json\/wp\/v2\/pages\/557"}],"wp:featuredmedia":[{"embeddable":true,"href":"https:\/\/foerderverein-ffw-arnsdorf.de\/index.php\/wp-json\/wp\/v2\/media\/622"}],"wp:attachment":[{"href":"https:\/\/foerderverein-ffw-arnsdorf.de\/index.php\/wp-json\/wp\/v2\/media?parent=620"}],"curies":[{"name":"wp","href":"https:\/\/api.w.org\/{rel}","templated":true}]}}